{"id":80,"date":"2023-12-08T09:12:29","date_gmt":"2023-12-08T14:12:29","guid":{"rendered":"https:\/\/iedlasmercedes.online\/?page_id=80"},"modified":"2023-12-08T12:25:33","modified_gmt":"2023-12-08T17:25:33","slug":"resena-historica-de-la-institucion","status":"publish","type":"page","link":"https:\/\/iedlasmercedes.online\/index.php\/resena-historica-de-la-institucion\/","title":{"rendered":"Rese\u00f1a historica de la Institucion"},"content":{"rendered":"<div class=\"wp-block-image\">\n<figure class=\"alignleft size-full is-resized\"><img loading=\"lazy\" decoding=\"async\" width=\"407\" height=\"612\" src=\"https:\/\/iedlasmercedes.online\/wp-content\/uploads\/2023\/12\/ESCUDO_2023.jpeg-removebg-preview.png\" alt=\"\" class=\"wp-image-55\" style=\"width:166px;height:auto\" srcset=\"https:\/\/iedlasmercedes.online\/wp-content\/uploads\/2023\/12\/ESCUDO_2023.jpeg-removebg-preview.png 407w, https:\/\/iedlasmercedes.online\/wp-content\/uploads\/2023\/12\/ESCUDO_2023.jpeg-removebg-preview-200x300.png 200w\" sizes=\"auto, (max-width: 407px) 100vw, 407px\" \/><\/figure>\n<\/div>\n\n\n<div class=\"wp-block-group\"><div class=\"wp-block-group__inner-container is-layout-constrained wp-block-group-is-layout-constrained\">\n<p>Como todos los pueblos, todas las culturas de nuestra civilizaci\u00f3n ha tenido y tendr\u00e1 una historia, La Instituci\u00f3n Educativa Departamental Las Mercedes, tambi\u00e9n tiene su historia en los a\u00f1os 1960 un grupo de personas inquietas por el motivo que nuestro pueblo no ten\u00eda una Escuela&nbsp; primaria, germin\u00f3 esta idea de crear una escuela para que sus hijos avanzaran en la b\u00e1sica primaria, m\u00e1s tarde la misma&nbsp;&nbsp;&nbsp; comunidad, tom\u00f3 la iniciativa para seguir&nbsp; m\u00e1s all\u00e1 de la Primaria, entre esas personas podemos mencionar al jefe de n\u00facleo 038 Henry Pati\u00f1o Paba, Abel Rocha Consejo Directivo.&nbsp; Fue as\u00ed como en el a\u00f1o de 1999, esa idea se plasm\u00f3 realizada en la Secretar\u00eda de Educaci\u00f3n Departamental con la resoluci\u00f3n # 1188 del 29 de noviembre de 1999 se dio la aprobaci\u00f3n a la b\u00e1sica Secundaria, con la ponencia presentada por el Supervisor de la zona Gabriel Cera., Cre\u00e1ndose el Centro de Educaci\u00f3n B\u00e1sica Rural Las Mercedes.<\/p>\n\n\n\n<div class=\"wp-block-group\"><div class=\"wp-block-group__inner-container is-layout-constrained wp-block-group-is-layout-constrained\">\n<p class=\"has-text-align-center\">Para el a\u00f1o 1998, se inician las labores administrativas y acad\u00e9micas en las mismas infraestructuras f\u00edsicas.<\/p>\n\n\n\n<p class=\"has-text-align-center\">En el 2000-2002, se gestionan los servicios de nuevos docentes Licenciados para poder abrir el nivel de la B\u00e1sica secundaria.<\/p>\n\n\n\n<p class=\"has-text-align-center\">En el 2002 del 15 de marzo se realiza la FUSI\u00d3N de la Escuela Rural Mixta Andr\u00e9s Bello del Coco y la escuela Rural Mixta Ignacio Hadechinny de Pajaral, con decreto No 106, emanada de la Secretar\u00eda de Educaci\u00f3n Departamental<\/p>\n\n\n\n<p class=\"has-text-align-center\">Su primera promoci\u00f3n en la b\u00e1sica secundaria se da en el a\u00f1o 2002-2006.<\/p>\n\n\n\n<p class=\"has-text-align-center\">Del 2007 hasta la fecha inicio la media t\u00e9cnica agropecuaria.<\/p>\n\n\n\n<p class=\"has-text-align-center\">Durante sus 46 a\u00f1os de existencia (1960 \u2013 2006), la instituci\u00f3n ha tenido 4directoras y un rector, quienes a trav\u00e9s de sus gestiones ha logrado muchos alcances, de igual manera las administraciones que han contribuido en ello, entre los directores(a) tenemos:<\/p>\n\n\n\n<ol class=\"wp-block-list\">\n<li>Cristina Castro<\/li>\n\n\n\n<li>Petrona Bele\u00f1o<\/li>\n\n\n\n<li>Tomasa D\u00e1vila<\/li>\n\n\n\n<li>977-1979 Regina Morales<\/li>\n\n\n\n<li>1980 hasta la fecha Beatriz Tomasa Jim\u00e9nez<\/li>\n<\/ol>\n<\/div><\/div>\n<\/div><\/div>\n","protected":false},"excerpt":{"rendered":"<p>Como todos los pueblos, todas las culturas de nuestra civilizaci\u00f3n ha tenido y tendr\u00e1 una historia, La Instituci\u00f3n Educativa Departamental &hellip; <\/p>\n","protected":false},"author":1,"featured_media":0,"parent":0,"menu_order":0,"comment_status":"closed","ping_status":"closed","template":"","meta":{"footnotes":""},"class_list":["post-80","page","type-page","status-publish","hentry"],"_links":{"self":[{"href":"https:\/\/iedlasmercedes.online\/index.php\/wp-json\/wp\/v2\/pages\/80","targetHints":{"allow":["GET"]}}],"collection":[{"href":"https:\/\/iedlasmercedes.online\/index.php\/wp-json\/wp\/v2\/pages"}],"about":[{"href":"https:\/\/iedlasmercedes.online\/index.php\/wp-json\/wp\/v2\/types\/page"}],"author":[{"embeddable":true,"href":"https:\/\/iedlasmercedes.online\/index.php\/wp-json\/wp\/v2\/users\/1"}],"replies":[{"embeddable":true,"href":"https:\/\/iedlasmercedes.online\/index.php\/wp-json\/wp\/v2\/comments?post=80"}],"version-history":[{"count":3,"href":"https:\/\/iedlasmercedes.online\/index.php\/wp-json\/wp\/v2\/pages\/80\/revisions"}],"predecessor-version":[{"id":96,"href":"https:\/\/iedlasmercedes.online\/index.php\/wp-json\/wp\/v2\/pages\/80\/revisions\/96"}],"wp:attachment":[{"href":"https:\/\/iedlasmercedes.online\/index.php\/wp-json\/wp\/v2\/media?parent=80"}],"curies":[{"name":"wp","href":"https:\/\/api.w.org\/{rel}","templated":true}]}}