{"id":97,"date":"2023-12-08T12:36:57","date_gmt":"2023-12-08T17:36:57","guid":{"rendered":"https:\/\/iedlasmercedes.online\/?page_id=97"},"modified":"2023-12-11T13:07:12","modified_gmt":"2023-12-11T18:07:12","slug":"manual-de-convivencia","status":"publish","type":"page","link":"https:\/\/iedlasmercedes.online\/index.php\/manual-de-convivencia\/","title":{"rendered":"MANUAL"},"content":{"rendered":"\n<p class=\"has-text-align-center\"><strong>MANUAL DE CONVIVENCIA DE LA INSTITUCI\u00d3N EDUCATIVA LAS MERCEDES<\/strong> <strong>\u00a0<\/strong><\/p>\n\n\n<div class=\"wp-block-image\">\n<figure class=\"alignleft size-large is-resized\"><img loading=\"lazy\" decoding=\"async\" width=\"1024\" height=\"484\" src=\"https:\/\/iedlasmercedes.online\/wp-content\/uploads\/2023\/12\/Imagen-de-WhatsApp-2023-12-07-a-las-21.55.28_3cc0a893-1024x484.jpg\" alt=\"\" class=\"wp-image-124\" style=\"width:326px;height:auto\" srcset=\"https:\/\/iedlasmercedes.online\/wp-content\/uploads\/2023\/12\/Imagen-de-WhatsApp-2023-12-07-a-las-21.55.28_3cc0a893-1024x484.jpg 1024w, https:\/\/iedlasmercedes.online\/wp-content\/uploads\/2023\/12\/Imagen-de-WhatsApp-2023-12-07-a-las-21.55.28_3cc0a893-300x142.jpg 300w, https:\/\/iedlasmercedes.online\/wp-content\/uploads\/2023\/12\/Imagen-de-WhatsApp-2023-12-07-a-las-21.55.28_3cc0a893-768x363.jpg 768w, https:\/\/iedlasmercedes.online\/wp-content\/uploads\/2023\/12\/Imagen-de-WhatsApp-2023-12-07-a-las-21.55.28_3cc0a893-1536x726.jpg 1536w, https:\/\/iedlasmercedes.online\/wp-content\/uploads\/2023\/12\/Imagen-de-WhatsApp-2023-12-07-a-las-21.55.28_3cc0a893.jpg 1600w\" sizes=\"auto, (max-width: 1024px) 100vw, 1024px\" \/><\/figure>\n<\/div>\n\n\n<p class=\"has-text-align-center\"><strong>INTRODUCCI\u00d3N<\/strong><\/p>\n\n\n\n<p>La normalizaci\u00f3n y convivencia son un estilo de vida personal y comunitaria. Ambas est\u00e1n orientadas por los principios y valores sociales a trav\u00e9s de normas concretas. En la medida en que el\/la estudiante acepte e interiorice esos principios y valores podr\u00e1 tomar decisiones de libre, responsables y aut\u00f3nomas actuar por convicci\u00f3n en un ambiente de libre y sana convivencia responsabilidad social y responsabilidad humana. Lo anterior le dar\u00e1 elementos para conocer su realidad interactuar con ella y transformarla.<\/p>\n\n\n\n<p class=\"has-text-align-center\">Los establecimientos educativos tendr\u00e1n un reglamento o manual de convivencia, en el cual se define los derechos y obligaciones de los estudiantes por que la educaci\u00f3n es un derecho y deber. Los padres o tutores y los educandos al firmar la matricula correspondiente en presentaci\u00f3n de sus hijos aceptan el mismo.<\/p>\n\n\n\n<figure class=\"wp-block-gallery has-nested-images columns-default is-cropped wp-block-gallery-1 is-layout-flex wp-block-gallery-is-layout-flex\">\n<figure class=\"wp-block-image size-large\"><img loading=\"lazy\" decoding=\"async\" width=\"1024\" height=\"768\" data-id=\"102\" src=\"https:\/\/iedlasmercedes.online\/wp-content\/uploads\/2023\/12\/Imagen-de-WhatsApp-2023-12-07-a-las-22.08.26_1e7a476b-1024x768.jpg\" alt=\"\" class=\"wp-image-102\" srcset=\"https:\/\/iedlasmercedes.online\/wp-content\/uploads\/2023\/12\/Imagen-de-WhatsApp-2023-12-07-a-las-22.08.26_1e7a476b-1024x768.jpg 1024w, https:\/\/iedlasmercedes.online\/wp-content\/uploads\/2023\/12\/Imagen-de-WhatsApp-2023-12-07-a-las-22.08.26_1e7a476b-300x225.jpg 300w, https:\/\/iedlasmercedes.online\/wp-content\/uploads\/2023\/12\/Imagen-de-WhatsApp-2023-12-07-a-las-22.08.26_1e7a476b-768x576.jpg 768w, https:\/\/iedlasmercedes.online\/wp-content\/uploads\/2023\/12\/Imagen-de-WhatsApp-2023-12-07-a-las-22.08.26_1e7a476b-1536x1152.jpg 1536w, https:\/\/iedlasmercedes.online\/wp-content\/uploads\/2023\/12\/Imagen-de-WhatsApp-2023-12-07-a-las-22.08.26_1e7a476b.jpg 1600w\" sizes=\"auto, (max-width: 1024px) 100vw, 1024px\" \/><\/figure>\n\n\n\n<figure class=\"wp-block-image size-large\"><img loading=\"lazy\" decoding=\"async\" width=\"1024\" height=\"768\" data-id=\"100\" src=\"https:\/\/iedlasmercedes.online\/wp-content\/uploads\/2023\/12\/Imagen-de-WhatsApp-2023-12-07-a-las-22.08.27_77c9f9a1-1024x768.jpg\" alt=\"\" class=\"wp-image-100\" srcset=\"https:\/\/iedlasmercedes.online\/wp-content\/uploads\/2023\/12\/Imagen-de-WhatsApp-2023-12-07-a-las-22.08.27_77c9f9a1-1024x768.jpg 1024w, https:\/\/iedlasmercedes.online\/wp-content\/uploads\/2023\/12\/Imagen-de-WhatsApp-2023-12-07-a-las-22.08.27_77c9f9a1-300x225.jpg 300w, https:\/\/iedlasmercedes.online\/wp-content\/uploads\/2023\/12\/Imagen-de-WhatsApp-2023-12-07-a-las-22.08.27_77c9f9a1-768x576.jpg 768w, https:\/\/iedlasmercedes.online\/wp-content\/uploads\/2023\/12\/Imagen-de-WhatsApp-2023-12-07-a-las-22.08.27_77c9f9a1-1536x1152.jpg 1536w, https:\/\/iedlasmercedes.online\/wp-content\/uploads\/2023\/12\/Imagen-de-WhatsApp-2023-12-07-a-las-22.08.27_77c9f9a1.jpg 1600w\" sizes=\"auto, (max-width: 1024px) 100vw, 1024px\" \/><\/figure>\n\n\n\n<figure class=\"wp-block-image size-large\"><img loading=\"lazy\" decoding=\"async\" width=\"1024\" height=\"768\" data-id=\"101\" src=\"https:\/\/iedlasmercedes.online\/wp-content\/uploads\/2023\/12\/Imagen-de-WhatsApp-2023-12-07-a-las-22.11.37_3ec168f9-1024x768.jpg\" alt=\"\" class=\"wp-image-101\" srcset=\"https:\/\/iedlasmercedes.online\/wp-content\/uploads\/2023\/12\/Imagen-de-WhatsApp-2023-12-07-a-las-22.11.37_3ec168f9-1024x768.jpg 1024w, https:\/\/iedlasmercedes.online\/wp-content\/uploads\/2023\/12\/Imagen-de-WhatsApp-2023-12-07-a-las-22.11.37_3ec168f9-300x225.jpg 300w, https:\/\/iedlasmercedes.online\/wp-content\/uploads\/2023\/12\/Imagen-de-WhatsApp-2023-12-07-a-las-22.11.37_3ec168f9-768x576.jpg 768w, https:\/\/iedlasmercedes.online\/wp-content\/uploads\/2023\/12\/Imagen-de-WhatsApp-2023-12-07-a-las-22.11.37_3ec168f9-1536x1152.jpg 1536w, https:\/\/iedlasmercedes.online\/wp-content\/uploads\/2023\/12\/Imagen-de-WhatsApp-2023-12-07-a-las-22.11.37_3ec168f9.jpg 1600w\" sizes=\"auto, (max-width: 1024px) 100vw, 1024px\" \/><\/figure>\n<\/figure>\n\n\n\n<p class=\"has-text-align-center\">La instituci\u00f3n educativa departamental t\u00e9cnica las mercedes las margaritas magdalena asume los principios establecido en la ley 1220 con esta se crea el manual de convivencia escolar y formaci\u00f3n para el ejercicio de los derechos humanos la educaci\u00f3n para la sexualidad y la prevenci\u00f3n y mitigaci\u00f3n de la violencia escolar. Como instituci\u00f3n adaptamos el art. 5 donde encontramos los principios son:<\/p>\n\n\n\n<p class=\"has-text-align-center\"><strong>Participaci\u00f3n: <\/strong>en virtud de este principio los estudiantes y establecimientos educativos deben garantizar su participaci\u00f3n activa para la coordinaci\u00f3n y armonizaci\u00f3n de acciones, en el ejercicio de su respectiva funci\u00f3n que permiten el cumplimiento de los fines del sistema al tomar de la ley 115 de 1994 y los art. 31, 32, 43 y 44 de la ley 1098 de 2006<\/p>\n\n\n\n<p class=\"has-text-align-center\">Los establecimientos educativos deben garantizar el derecho de la participaci\u00f3n de ni\u00f1os, ni\u00f1as y adolescentes en el desarrollo de las estrategias y acciones que se adelanten dentro de los mismos en el marco del sistema. En armon\u00eda con los art\u00edculos 113 y 88 de la constituci\u00f3n pol\u00edtica, los diferentes estamentos estables deben actuar en el marco de la coordinaci\u00f3n, concurrencia, complementariedad; respondiendo a sus funciones misionales<\/p>\n\n\n\n<p class=\"has-text-align-center\"><strong>Corresponsabilidad: <\/strong>la familia, los establecimientos educativos y el estado son corresponsables de la formaci\u00f3n ciudadana, la promoci\u00f3n de la convivencia escolar, la educaci\u00f3n para el ejercicio de los derechos humanos, sexuales y reproductivos de los ni\u00f1os, ni\u00f1as y adolescentes desde sus respectivos \u00e1mbitos de acci\u00f3n, en torno a los objetivos del sistema y de conformidad con lo consagrado en el art\u00edculo 44 de la constituci\u00f3n pol\u00edtica y el c\u00f3digo de infancia y la adolescencia<\/p>\n\n\n\n<p class=\"has-text-align-center\"><strong>Autonom\u00eda: <\/strong>los individuos entidades territoriales e instituciones educativas son aut\u00f3nomos. En concordancia con la constituci\u00f3n pol\u00edtica y entro los l\u00edmites fijados&nbsp;&nbsp; por las leyes, normas y disposiciones.<\/p>\n","protected":false},"excerpt":{"rendered":"<p>MANUAL DE CONVIVENCIA DE LA INSTITUCI\u00d3N EDUCATIVA LAS MERCEDES \u00a0 INTRODUCCI\u00d3N La normalizaci\u00f3n y convivencia son un estilo de vida &hellip; <\/p>\n","protected":false},"author":1,"featured_media":0,"parent":0,"menu_order":0,"comment_status":"closed","ping_status":"closed","template":"","meta":{"footnotes":""},"class_list":["post-97","page","type-page","status-publish","hentry"],"_links":{"self":[{"href":"https:\/\/iedlasmercedes.online\/index.php\/wp-json\/wp\/v2\/pages\/97","targetHints":{"allow":["GET"]}}],"collection":[{"href":"https:\/\/iedlasmercedes.online\/index.php\/wp-json\/wp\/v2\/pages"}],"about":[{"href":"https:\/\/iedlasmercedes.online\/index.php\/wp-json\/wp\/v2\/types\/page"}],"author":[{"embeddable":true,"href":"https:\/\/iedlasmercedes.online\/index.php\/wp-json\/wp\/v2\/users\/1"}],"replies":[{"embeddable":true,"href":"https:\/\/iedlasmercedes.online\/index.php\/wp-json\/wp\/v2\/comments?post=97"}],"version-history":[{"count":5,"href":"https:\/\/iedlasmercedes.online\/index.php\/wp-json\/wp\/v2\/pages\/97\/revisions"}],"predecessor-version":[{"id":270,"href":"https:\/\/iedlasmercedes.online\/index.php\/wp-json\/wp\/v2\/pages\/97\/revisions\/270"}],"wp:attachment":[{"href":"https:\/\/iedlasmercedes.online\/index.php\/wp-json\/wp\/v2\/media?parent=97"}],"curies":[{"name":"wp","href":"https:\/\/api.w.org\/{rel}","templated":true}]}}